{"id":127,"date":"2017-11-24T14:07:47","date_gmt":"2017-11-24T14:07:47","guid":{"rendered":"http:\/\/kinderbetreuung-rabennest.de\/wp\/?page_id=127"},"modified":"2026-01-23T13:39:33","modified_gmt":"2026-01-23T13:39:33","slug":"betreuungsformen-und-standorte","status":"publish","type":"page","link":"https:\/\/kinderbetreuung-rabennest.de\/?page_id=127","title":{"rendered":"Betreuungsformen und Standorte"},"content":{"rendered":"<p><div class=\"fusion-fullwidth fullwidth-box fusion-builder-row-1 nonhundred-percent-fullwidth non-hundred-percent-height-scrolling\" style=\"--awb-border-radius-top-left:0px;--awb-border-radius-top-right:0px;--awb-border-radius-bottom-right:0px;--awb-border-radius-bottom-left:0px;--awb-padding-top:0px;--awb-padding-right:0px;--awb-padding-bottom:0px;--awb-padding-left:0px;--awb-flex-wrap:wrap;\" ><div class=\"fusion-builder-row fusion-row\"><div class=\"fusion-layout-column fusion_builder_column fusion-builder-column-0 fusion_builder_column_1_1 1_1 fusion-one-full fusion-column-first fusion-column-last\" style=\"--awb-bg-size:cover;\"><div class=\"fusion-column-wrapper fusion-flex-column-wrapper-legacy\">\t\t\t\t\t<div class=\"fusion-slider-container fusion-slider-sc-rabennest_start fusion-slider-3 fixed-width-slider\" style=\"height:450px; max-width:1100px;\" data-id=\"3\" data-full_height=\"\">\n\t\t\t\t\t\t<style type=\"text\/css\">.fusion-slider-3 .flex-direction-nav a {width:30px;height:30px;line-height:30px;font-size:20px;}<\/style>\t\t\t\t\t\t<div class=\"fusion-slider-loading\">Laden...<\/div>\n\t\t\t\t\t\t<div class=\"tfs-slider flexslider main-flex fixed-width-slider\" data-slider_width=\"1100px\" data-slider_height=\"450px\" data-full_screen=\"0\" data-parallax=\"0\" data-nav_arrows=\"1\" data-nav_box_width=\"30px\" data-nav_box_height=\"30px\" data-nav_arrow_size=\"20px\" data-autoplay=\"1\" data-loop=\"0\" data-orderby=\"date\" data-order=\"DESC\" data-animation=\"fade\" data-slideshow_speed=\"5000\" data-animation_speed=\"1000\" data-typo_sensitivity=\"1\" data-typo_factor=\"1.5\" style=\"max-width:1100px;\">\n\t\t\t\t\t\t\t<ul class=\"slides\">\n\t\t\t\t\t\t\t\t\t\t\t\t\t\t\t\t\t<li data-mute=\"yes\" data-loop=\"yes\" data-autoplay=\"yes\">\n\t\t\t\t\t\t\t\t\t\t<div class=\"slide-content-container slide-content-left\" style=\"display: none;\">\n\t\t\t\t\t\t\t\t\t\t\t<div class=\"slide-content\" style=\"\">\n\t\t\t\t\t\t\t\t\t\t\t\t\t\t\t\t\t\t\t\t\t\t\t\t\t\t\t\t\t\t\t\t\t\t\t\t\t\t\t\t\t\t\t\t\t\t\t\t\t<div class=\"buttons\" >\n\t\t\t\t\t\t\t\t\t\t\t\t\t\t\t\t\t\t\t\t\t\t\t\t\t\t\t\t\t\t\t\t\t\t\t\t\t\t\t\t\t<\/div>\n\t\t\t\t\t\t\t\t\t\t\t\t\t\t\t\t\t\t\t\t\t\t\t<\/div>\n\t\t\t\t\t\t\t\t\t\t<\/div>\n\t\t\t\t\t\t\t\t\t\t\t\t\t\t\t\t\t\t\t\t\t\t\t\t\t\t\t\t\t\t\t\t\t\t\t\t\t\t\t\t<div class=\"background background-image\" style=\"background-image: url(https:\/\/kinderbetreuung-rabennest.de\/wp-content\/uploads\/2018\/01\/030_rabe_headerbild.jpg);max-width:1100px;height:450px;filter: progid:DXImageTransform.Microsoft.AlphaImageLoader(src='https:\/\/kinderbetreuung-rabennest.de\/wp-content\/uploads\/2018\/01\/030_rabe_headerbild.jpg', sizingMethod='scale');\" data-imgwidth=\"1100\">\n\t\t\t\t\t\t\t\t\t\t\t\t\t\t\t\t\t\t\t\t\t\t\t\t\t\t\t\t\t\t\t\t\t\t\t\t\t\t\t\t\t\t\t\t\t\t\t\t\t\t\t\t\t\t\t\t\t\t\t\t\t\t\t\t\t\t<\/div>\n\t\t\t\t\t\t\t\t\t<\/li>\n\t\t\t\t\t\t\t\t\t\t\t\t\t\t\t\t\t<li data-mute=\"yes\" data-loop=\"yes\" data-autoplay=\"yes\">\n\t\t\t\t\t\t\t\t\t\t<div class=\"slide-content-container slide-content-left\" style=\"display: none;\">\n\t\t\t\t\t\t\t\t\t\t\t<div class=\"slide-content\" style=\"\">\n\t\t\t\t\t\t\t\t\t\t\t\t\t\t\t\t\t\t\t\t\t\t\t\t\t\t\t\t\t\t\t\t\t\t\t\t\t\t\t\t\t\t\t\t\t\t\t\t\t<div class=\"buttons\" >\n\t\t\t\t\t\t\t\t\t\t\t\t\t\t\t\t\t\t\t\t\t\t\t\t\t\t\t\t\t\t\t\t\t\t\t\t\t\t\t\t\t<\/div>\n\t\t\t\t\t\t\t\t\t\t\t\t\t\t\t\t\t\t\t\t\t\t\t<\/div>\n\t\t\t\t\t\t\t\t\t\t<\/div>\n\t\t\t\t\t\t\t\t\t\t\t\t\t\t\t\t\t\t\t\t\t\t\t\t\t\t\t\t\t\t\t\t\t\t\t\t\t\t\t\t<div class=\"background background-image\" style=\"background-image: url(https:\/\/kinderbetreuung-rabennest.de\/wp-content\/uploads\/2017\/11\/025_rabe_headerbild.jpg);max-width:1100px;height:450px;filter: progid:DXImageTransform.Microsoft.AlphaImageLoader(src='https:\/\/kinderbetreuung-rabennest.de\/wp-content\/uploads\/2017\/11\/025_rabe_headerbild.jpg', sizingMethod='scale');\" data-imgwidth=\"1100\">\n\t\t\t\t\t\t\t\t\t\t\t\t\t\t\t\t\t\t\t\t\t\t\t\t\t\t\t\t\t\t\t\t\t\t\t\t\t\t\t\t\t\t\t\t\t\t\t\t\t\t\t\t\t\t\t\t\t\t\t\t\t\t\t\t\t\t<\/div>\n\t\t\t\t\t\t\t\t\t<\/li>\n\t\t\t\t\t\t\t\t\t\t\t\t\t\t\t\t\t<li data-mute=\"yes\" data-loop=\"yes\" data-autoplay=\"yes\">\n\t\t\t\t\t\t\t\t\t\t<div class=\"slide-content-container slide-content-left\" style=\"display: none;\">\n\t\t\t\t\t\t\t\t\t\t\t<div class=\"slide-content\" style=\"\">\n\t\t\t\t\t\t\t\t\t\t\t\t\t\t\t\t\t\t\t\t\t\t\t\t\t\t\t\t\t\t\t\t\t\t\t\t\t\t\t\t\t\t\t\t\t\t\t\t\t<div class=\"buttons\" >\n\t\t\t\t\t\t\t\t\t\t\t\t\t\t\t\t\t\t\t\t\t\t\t\t\t\t\t\t\t\t\t\t\t\t\t\t\t\t\t\t\t<\/div>\n\t\t\t\t\t\t\t\t\t\t\t\t\t\t\t\t\t\t\t\t\t\t\t<\/div>\n\t\t\t\t\t\t\t\t\t\t<\/div>\n\t\t\t\t\t\t\t\t\t\t\t\t\t\t\t\t\t\t\t\t\t\t\t\t\t\t\t\t\t\t\t\t\t\t\t\t\t\t\t\t<div class=\"background background-image\" style=\"background-image: url(https:\/\/kinderbetreuung-rabennest.de\/wp-content\/uploads\/2018\/01\/034_rabe_headerbild.jpg);max-width:1100px;height:450px;filter: progid:DXImageTransform.Microsoft.AlphaImageLoader(src='https:\/\/kinderbetreuung-rabennest.de\/wp-content\/uploads\/2018\/01\/034_rabe_headerbild.jpg', sizingMethod='scale');\" data-imgwidth=\"1100\">\n\t\t\t\t\t\t\t\t\t\t\t\t\t\t\t\t\t\t\t\t\t\t\t\t\t\t\t\t\t\t\t\t\t\t\t\t\t\t\t\t\t\t\t\t\t\t\t\t\t\t\t\t\t\t\t\t\t\t\t\t\t\t\t\t\t\t<\/div>\n\t\t\t\t\t\t\t\t\t<\/li>\n\t\t\t\t\t\t\t\t\t\t\t\t\t\t\t\t\t<li data-mute=\"yes\" data-loop=\"yes\" data-autoplay=\"yes\">\n\t\t\t\t\t\t\t\t\t\t<div class=\"slide-content-container slide-content-left\" style=\"display: none;\">\n\t\t\t\t\t\t\t\t\t\t\t<div class=\"slide-content\" style=\"\">\n\t\t\t\t\t\t\t\t\t\t\t\t\t\t\t\t\t\t\t\t\t\t\t\t\t\t\t\t\t\t\t\t\t\t\t\t\t\t\t\t\t\t\t\t\t\t\t\t\t<div class=\"buttons\" >\n\t\t\t\t\t\t\t\t\t\t\t\t\t\t\t\t\t\t\t\t\t\t\t\t\t\t\t\t\t\t\t\t\t\t\t\t\t\t\t\t\t<\/div>\n\t\t\t\t\t\t\t\t\t\t\t\t\t\t\t\t\t\t\t\t\t\t\t<\/div>\n\t\t\t\t\t\t\t\t\t\t<\/div>\n\t\t\t\t\t\t\t\t\t\t\t\t\t\t\t\t\t\t\t\t\t\t\t\t\t\t\t\t\t\t\t\t\t\t\t\t\t\t\t\t<div class=\"background background-image\" style=\"background-image: url(https:\/\/kinderbetreuung-rabennest.de\/wp-content\/uploads\/2017\/11\/028_rabe_headerbild.jpg);max-width:1100px;height:450px;filter: progid:DXImageTransform.Microsoft.AlphaImageLoader(src='https:\/\/kinderbetreuung-rabennest.de\/wp-content\/uploads\/2017\/11\/028_rabe_headerbild.jpg', sizingMethod='scale');\" data-imgwidth=\"1100\">\n\t\t\t\t\t\t\t\t\t\t\t\t\t\t\t\t\t\t\t\t\t\t\t\t\t\t\t\t\t\t\t\t\t\t\t\t\t\t\t\t\t\t\t\t\t\t\t\t\t\t\t\t\t\t\t\t\t\t\t\t\t\t\t\t\t\t<\/div>\n\t\t\t\t\t\t\t\t\t<\/li>\n\t\t\t\t\t\t\t\t\t\t\t\t\t\t\t\t\t<li data-mute=\"yes\" data-loop=\"yes\" data-autoplay=\"yes\">\n\t\t\t\t\t\t\t\t\t\t<div class=\"slide-content-container slide-content-left\" style=\"display: none;\">\n\t\t\t\t\t\t\t\t\t\t\t<div class=\"slide-content\" style=\"\">\n\t\t\t\t\t\t\t\t\t\t\t\t\t\t\t\t\t\t\t\t\t\t\t\t\t\t\t\t\t\t\t\t\t\t\t\t\t\t\t\t\t\t\t\t\t\t\t\t\t<div class=\"buttons\" >\n\t\t\t\t\t\t\t\t\t\t\t\t\t\t\t\t\t\t\t\t\t\t\t\t\t\t\t\t\t\t\t\t\t\t\t\t\t\t\t\t\t<\/div>\n\t\t\t\t\t\t\t\t\t\t\t\t\t\t\t\t\t\t\t\t\t\t\t<\/div>\n\t\t\t\t\t\t\t\t\t\t<\/div>\n\t\t\t\t\t\t\t\t\t\t\t\t\t\t\t\t\t\t\t\t\t\t\t\t\t\t\t\t\t\t\t\t\t\t\t\t\t\t\t\t<div class=\"background background-image\" style=\"background-image: url(https:\/\/kinderbetreuung-rabennest.de\/wp-content\/uploads\/2018\/01\/032_rabe_headerbild.jpg);max-width:1100px;height:450px;filter: progid:DXImageTransform.Microsoft.AlphaImageLoader(src='https:\/\/kinderbetreuung-rabennest.de\/wp-content\/uploads\/2018\/01\/032_rabe_headerbild.jpg', sizingMethod='scale');\" data-imgwidth=\"1100\">\n\t\t\t\t\t\t\t\t\t\t\t\t\t\t\t\t\t\t\t\t\t\t\t\t\t\t\t\t\t\t\t\t\t\t\t\t\t\t\t\t\t\t\t\t\t\t\t\t\t\t\t\t\t\t\t\t\t\t\t\t\t\t\t\t\t\t<\/div>\n\t\t\t\t\t\t\t\t\t<\/li>\n\t\t\t\t\t\t\t\t\t\t\t\t\t\t\t\t\t\t\t\t\t\t\t<\/ul>\n\t\t\t\t\t\t<\/div>\n\t\t\t\t\t<\/div>\n\t\t\t\t\t\t\t\t<div class=\"fusion-clearfix\"><\/div><\/div><\/div><\/div><\/div><div class=\"fusion-fullwidth fullwidth-box fusion-builder-row-2 nonhundred-percent-fullwidth non-hundred-percent-height-scrolling\" style=\"--awb-border-radius-top-left:0px;--awb-border-radius-top-right:0px;--awb-border-radius-bottom-right:0px;--awb-border-radius-bottom-left:0px;--awb-padding-top:0px;--awb-padding-right:0px;--awb-padding-bottom:0px;--awb-padding-left:0px;--awb-flex-wrap:wrap;\" ><div class=\"fusion-builder-row fusion-row\"><div class=\"fusion-layout-column fusion_builder_column fusion-builder-column-1 fusion_builder_column_3_4 3_4 fusion-three-fourth fusion-column-first\" style=\"--awb-bg-size:cover;width:75%;width:calc(75% - ( ( 4% ) * 0.75 ) );margin-right: 4%;\"><div class=\"fusion-column-wrapper fusion-flex-column-wrapper-legacy\"><div class=\"fusion-title title fusion-title-1 fusion-sep-none fusion-title-text fusion-title-size-one\" style=\"--awb-margin-top-small:10px;--awb-margin-right-small:0px;--awb-margin-bottom-small:10px;--awb-margin-left-small:0px;\"><h1 class=\"fusion-title-heading title-heading-left\" style=\"margin:0;\">Betreuungsformen und Standorte<\/h1><\/div><div class=\"fusion-text fusion-text-1\"><p>In verschiedenen Krippen-Gruppen betreuen wir Kleinkinder von 6 Monaten bis zum dritten Lebensjahr sowie Kindergartenkinder ab 3 Jahren bis zum Schuleintritt. Kindergartenpl\u00e4tze k\u00f6nnen aus Platzgr\u00fcnden derzeit jedoch nur Kindern gew\u00e4hrt werden, die schon als Krippenkinder im Rabennest aufgenommen wurden. Es besteht eine Warteliste.<\/p>\n<\/div><div class=\"fusion-image-element in-legacy-container\" style=\"--awb-caption-title-font-family:var(--h2_typography-font-family);--awb-caption-title-font-weight:var(--h2_typography-font-weight);--awb-caption-title-font-style:var(--h2_typography-font-style);--awb-caption-title-size:var(--h2_typography-font-size);--awb-caption-title-transform:var(--h2_typography-text-transform);--awb-caption-title-line-height:var(--h2_typography-line-height);--awb-caption-title-letter-spacing:var(--h2_typography-letter-spacing);\"><span class=\" fusion-imageframe imageframe-none imageframe-1 hover-type-none\"><img decoding=\"async\" width=\"839\" height=\"586\" title=\"022_rabennest\" src=\"https:\/\/kinderbetreuung-rabennest.de\/wp-content\/uploads\/2017\/11\/022_rabennest.png\" alt class=\"img-responsive wp-image-131\" srcset=\"https:\/\/kinderbetreuung-rabennest.de\/wp-content\/uploads\/2017\/11\/022_rabennest-200x140.png 200w, https:\/\/kinderbetreuung-rabennest.de\/wp-content\/uploads\/2017\/11\/022_rabennest-400x279.png 400w, https:\/\/kinderbetreuung-rabennest.de\/wp-content\/uploads\/2017\/11\/022_rabennest-600x419.png 600w, https:\/\/kinderbetreuung-rabennest.de\/wp-content\/uploads\/2017\/11\/022_rabennest-800x559.png 800w, https:\/\/kinderbetreuung-rabennest.de\/wp-content\/uploads\/2017\/11\/022_rabennest.png 839w\" sizes=\"(max-width: 800px) 100vw, 800px\" \/><\/span><\/div><div class=\"fusion-text fusion-text-2\"><p><strong>Am Standort Hermann-Hesse-Stra\u00dfe 38\/1<\/strong>&nbsp;befinden sich zwei Kindergartengruppen und vier Krippengruppen. Die Einrichtung liegt direkt am Wald. Unser Garten, die weitl\u00e4ufigen Wiesen und Felder sowie unsere Apfelwiese geben uns Anlass, die Natur jeden Tag und zu allen Jahreszeiten intensiv zu erleben. Mit dem Bus haben wir eine gute Anbindung in die Innenstadt, um die Stadtbibliothek oder den Spielplatz in den Enzg\u00e4rten zu besuchen. Die Kindergartenkinder gehen zu Fu\u00df in die B\u00fccherei oder nutzen den Bus, um die Stadt n\u00e4her kennen zu lernen, Handwerker zu besuchen oder die \u00c4pfel zu keltern.<\/p>\n<\/div><div class=\"fusion-image-element in-legacy-container\" style=\"--awb-caption-title-font-family:var(--h2_typography-font-family);--awb-caption-title-font-weight:var(--h2_typography-font-weight);--awb-caption-title-font-style:var(--h2_typography-font-style);--awb-caption-title-size:var(--h2_typography-font-size);--awb-caption-title-transform:var(--h2_typography-text-transform);--awb-caption-title-line-height:var(--h2_typography-line-height);--awb-caption-title-letter-spacing:var(--h2_typography-letter-spacing);\"><span class=\" fusion-imageframe imageframe-none imageframe-2 hover-type-none\"><img decoding=\"async\" width=\"840\" height=\"585\" title=\"023_rabennest\" src=\"https:\/\/kinderbetreuung-rabennest.de\/wp-content\/uploads\/2017\/11\/023_rabennest.png\" alt class=\"img-responsive wp-image-132\" srcset=\"https:\/\/kinderbetreuung-rabennest.de\/wp-content\/uploads\/2017\/11\/023_rabennest-200x139.png 200w, https:\/\/kinderbetreuung-rabennest.de\/wp-content\/uploads\/2017\/11\/023_rabennest-400x279.png 400w, https:\/\/kinderbetreuung-rabennest.de\/wp-content\/uploads\/2017\/11\/023_rabennest-600x418.png 600w, https:\/\/kinderbetreuung-rabennest.de\/wp-content\/uploads\/2017\/11\/023_rabennest-800x557.png 800w, https:\/\/kinderbetreuung-rabennest.de\/wp-content\/uploads\/2017\/11\/023_rabennest.png 840w\" sizes=\"(max-width: 800px) 100vw, 800px\" \/><\/span><\/div><div class=\"fusion-text fusion-text-3\"><p>Am <strong>Standort Hauptmannstra\u00dfe 11\/1<\/strong> befinden sich zwei Krippengruppen. Die Einrichtung liegt im Wohngebiet Lindach direkt hinter der Schillerschule. Wir nutzen zum Spielen im Freien unseren Garten sowie den Pausenhof der Schule. Mit dem Bus fahren wir an die Haltestelle am Krankenhaus und machen dort Ausfl\u00fcge in den Wald, den Park der Klinik oder auf die Apfelwiese. Die Stadtbibliothek, die Enzg\u00e4rten und den B\u00e4cker k\u00f6nnen wir zu Fu\u00df erreichen.<\/p>\n<\/div><div class=\"fusion-title title fusion-title-2 fusion-sep-none fusion-title-text fusion-title-size-two\" style=\"--awb-margin-top:50px;--awb-margin-bottom:20px;--awb-margin-top-small:10px;--awb-margin-right-small:0px;--awb-margin-bottom-small:10px;--awb-margin-left-small:0px;\"><h2 class=\"fusion-title-heading title-heading-left\" style=\"margin:0;\">Kontaktdaten<\/h2><\/div><div class=\"fusion-text fusion-text-4\"><p>Kinderbetreuung Rabennest e.V.<br \/>\nHermann-Hesse-Stra\u00dfe 38\/1,  Tel. 0 70 41 &#8211; 81 09 10 und<br \/>\nHauptmannstra\u00dfe 11\/1,  Tel. 0 70 41 &#8211; 8 18 07 51<br \/>\n<a href=\"mailto:info@kinderbetreuung-rabennest.de\">info@kinderbetreuung-rabennest.de<br \/>\n<\/a><a href=\"http:\/\/www.kinderbetreuung-rabennest.de\">www.kinderbetreuung-rabennest.de<\/a><\/p>\n<\/div><div class=\"fusion-clearfix\"><\/div><\/div><\/div><div class=\"fusion-layout-column fusion_builder_column fusion-builder-column-2 fusion_builder_column_1_4 1_4 fusion-one-fourth fusion-column-last\" style=\"--awb-bg-blend:overlay;--awb-bg-size:cover;width:25%;width:calc(25% - ( ( 4% ) * 0.25 ) );\"><div class=\"fusion-column-wrapper fusion-flex-column-wrapper-legacy\"><div class=\"fusion-content-boxes content-boxes columns row fusion-columns-1 fusion-columns-total-1 fusion-content-boxes-1 content-boxes-icon-on-top content-left\" style=\"--awb-body-color:#000000;--awb-title-color:#ff5200;--awb-margin-top:10px;--awb-margin-bottom:0px;--awb-hover-accent-color:#ff5200;--awb-circle-hover-accent-color:#ff5200;--awb-item-margin-bottom:40px;\" data-animationOffset=\"top-into-view\"><div style=\"--awb-backgroundcolor:rgba(255,204,0,0.3);--awb-iconcolor:#ff5200;--awb-circle-hover-accent-color:transparent;\" class=\"fusion-column content-box-column content-box-column content-box-column-1 col-lg-12 col-md-12 col-sm-12 fusion-content-box-hover content-box-column-last content-box-column-last-in-row\"><div class=\"col content-box-wrapper content-wrapper-background link-area-link-icon icon-hover-animation-fade\" data-animationOffset=\"top-into-view\"><div class=\"heading heading-with-icon icon-left\"><div aria-hidden=\"true\" class=\"image\"><img decoding=\"async\" src=\"https:\/\/kinderbetreuung-rabennest.de\/wp-content\/uploads\/2017\/07\/013_rabe.png\" width=\"100\" height=\"70.68\" alt=\"\" \/><\/div><h2 class=\"content-box-heading\" style=\"--h2_typography-font-size:45px;line-height:50px;\">Anmeldung<\/h2><\/div><div class=\"fusion-clearfix\"><\/div><div class=\"content-container\">\n<p>Es ist erforderlich, Ihren Betreuungswunsch bei der Stadt M\u00fchlacker vormerken zu lassen. Hier geht es zum <a href=\"https:\/\/www.kitaweb-bw.de\/kita\/vormStdPage.jsp?gkz=236040\">onlinegest\u00fctzten Vormerksystem<\/a>. Mehr Informationen finden Sie <a href=\"https:\/\/www.muehlacker.de\/stadt\/bildung-freizeit\/bildung-familie\/kinder.php\">hier.<\/a><\/p>\n<\/div><\/div><\/div><div class=\"fusion-clearfix\"><\/div><\/div><div class=\"fusion-sep-clear\"><\/div><div class=\"fusion-separator fusion-full-width-sep\" style=\"margin-left: auto;margin-right: auto;margin-top:0px;margin-bottom:25px;width:100%;\"><div class=\"fusion-separator-border sep-single sep-solid\" style=\"--awb-height:20px;--awb-amount:20px;--awb-sep-color:rgba(224,222,222,0);border-color:rgba(224,222,222,0);border-top-width:1px;\"><\/div><\/div><div class=\"fusion-sep-clear\"><\/div><div class=\"fusion-clearfix\"><\/div><\/div><\/div><\/div><\/div><div class=\"fusion-fullwidth fullwidth-box fusion-builder-row-3 nonhundred-percent-fullwidth non-hundred-percent-height-scrolling\" style=\"--awb-border-radius-top-left:0px;--awb-border-radius-top-right:0px;--awb-border-radius-bottom-right:0px;--awb-border-radius-bottom-left:0px;--awb-flex-wrap:wrap;\" ><div class=\"fusion-builder-row fusion-row\"><div class=\"fusion-layout-column fusion_builder_column fusion-builder-column-3 fusion_builder_column_1_1 1_1 fusion-one-full fusion-column-first fusion-column-last\" style=\"--awb-bg-size:cover;\"><div class=\"fusion-column-wrapper fusion-flex-column-wrapper-legacy\"><div class=\"fusion-sep-clear\"><\/div><div class=\"fusion-separator fusion-full-width-sep\" style=\"margin-left: auto;margin-right: auto;margin-bottom:50px;width:100%;\"><div class=\"fusion-separator-border sep-double sep-dotted\" style=\"--awb-height:20px;--awb-amount:20px;--awb-sep-color:#ff5200;border-color:#ff5200;border-top-width:1px;border-bottom-width:1px;\"><\/div><\/div><div class=\"fusion-sep-clear\"><\/div><div class=\"fusion-clearfix\"><\/div><\/div><\/div><\/div><\/div><div class=\"fusion-fullwidth fullwidth-box fusion-builder-row-4 nonhundred-percent-fullwidth non-hundred-percent-height-scrolling\" style=\"--awb-border-radius-top-left:0px;--awb-border-radius-top-right:0px;--awb-border-radius-bottom-right:0px;--awb-border-radius-bottom-left:0px;--awb-flex-wrap:wrap;\" ><div class=\"fusion-builder-row fusion-row\"><div class=\"fusion-layout-column fusion_builder_column fusion-builder-column-4 fusion_builder_column_2_3 2_3 fusion-two-third fusion-column-first\" style=\"--awb-bg-size:cover;width:66.666666666667%;width:calc(66.666666666667% - ( ( 4% ) * 0.66666666666667 ) );margin-right: 4%;\"><div class=\"fusion-column-wrapper fusion-flex-column-wrapper-legacy\"><div class=\"fusion-text fusion-text-5\"><h5>Gras w\u00e4chst nicht schneller,<br \/>\nwenn man daran zieht.<\/h5>\n<h6>\u2013 afrikanisches Sprichwort \u2013<\/h6>\n<\/div><div class=\"fusion-clearfix\"><\/div><\/div><\/div><div class=\"fusion-layout-column fusion_builder_column fusion-builder-column-5 fusion_builder_column_1_3 1_3 fusion-one-third fusion-column-last\" style=\"--awb-bg-size:cover;width:33.333333333333%;width:calc(33.333333333333% - ( ( 4% ) * 0.33333333333333 ) );\"><div class=\"fusion-column-wrapper fusion-flex-column-wrapper-legacy\"><div class=\"fusion-clearfix\"><\/div><\/div><\/div><\/div><\/div><\/p>\n","protected":false},"excerpt":{"rendered":"","protected":false},"author":1,"featured_media":0,"parent":0,"menu_order":0,"comment_status":"closed","ping_status":"closed","template":"","meta":{"footnotes":""},"class_list":["post-127","page","type-page","status-publish","hentry"],"_links":{"self":[{"href":"https:\/\/kinderbetreuung-rabennest.de\/index.php?rest_route=\/wp\/v2\/pages\/127","targetHints":{"allow":["GET"]}}],"collection":[{"href":"https:\/\/kinderbetreuung-rabennest.de\/index.php?rest_route=\/wp\/v2\/pages"}],"about":[{"href":"https:\/\/kinderbetreuung-rabennest.de\/index.php?rest_route=\/wp\/v2\/types\/page"}],"author":[{"embeddable":true,"href":"https:\/\/kinderbetreuung-rabennest.de\/index.php?rest_route=\/wp\/v2\/users\/1"}],"replies":[{"embeddable":true,"href":"https:\/\/kinderbetreuung-rabennest.de\/index.php?rest_route=%2Fwp%2Fv2%2Fcomments&post=127"}],"version-history":[{"count":23,"href":"https:\/\/kinderbetreuung-rabennest.de\/index.php?rest_route=\/wp\/v2\/pages\/127\/revisions"}],"predecessor-version":[{"id":726,"href":"https:\/\/kinderbetreuung-rabennest.de\/index.php?rest_route=\/wp\/v2\/pages\/127\/revisions\/726"}],"wp:attachment":[{"href":"https:\/\/kinderbetreuung-rabennest.de\/index.php?rest_route=%2Fwp%2Fv2%2Fmedia&parent=127"}],"curies":[{"name":"wp","href":"https:\/\/api.w.org\/{rel}","templated":true}]}}